{"id":1929,"date":"2025-05-16T09:54:50","date_gmt":"2025-05-16T07:54:50","guid":{"rendered":"https:\/\/www.les-varennes.com\/rental-ars-en-re\/"},"modified":"2025-08-06T16:04:31","modified_gmt":"2025-08-06T14:04:31","slug":"rental-ars-en-re","status":"publish","type":"page","link":"https:\/\/www.les-varennes.com\/en\/rental-ars-en-re\/","title":{"rendered":"Rental Ars en R\u00e9"},"content":{"rendered":"<div class=\"diaporama-header align-full\"><div class=\"gallery\"><figure class=\"gallery__item\"><picture><source srcset=\"https:\/\/www.les-varennes.com\/wp-content\/uploads\/2025\/05\/AdobeStock_396736319-1-420x280.webp\" media=\"(max-width: 210px)\"><source srcset=\"https:\/\/www.les-varennes.com\/wp-content\/uploads\/2025\/05\/AdobeStock_396736319-1-850x566.webp\" media=\"(max-width: 420px)\"><source srcset=\"https:\/\/www.les-varennes.com\/wp-content\/uploads\/2025\/05\/AdobeStock_396736319-1-768x512.webp\" media=\"(max-width: 850px)\"><source srcset=\"https:\/\/www.les-varennes.com\/wp-content\/uploads\/2025\/05\/AdobeStock_396736319-1-1024x682.webp\" media=\"(max-width: 1024px)\"><source srcset=\"https:\/\/www.les-varennes.com\/wp-content\/uploads\/2025\/05\/AdobeStock_396736319-1.webp\" media=\"(min-width: 1025px)\"><img loading=\"lazy\" decoding=\"async\" src=\"https:\/\/www.les-varennes.com\/wp-content\/uploads\/2025\/05\/AdobeStock_396736319-1-420x280.webp\" width=\"420\" height=\"210\"><\/picture><\/figure><\/div><div class=\"diaporama-header__inner\"><\/div><\/div><h1 class=\"h2\" style=\"text-align: center;color: var(--marron);\">Mobile home rental 20min <span class=\"fc-span\">from Ars en R\u00e9<\/span><\/h1><p  style=\"text-align: center;\"  >Discover Ars-en R\u00e9 from your mobile home rental, ideal for your stay on the \u00cele de R\u00e9. You&#8217;ll find all the services you need for you and your children, including swimming pools and playgrounds. Pitches are a popular choice for vacations in Ars-en-R\u00e9. For all your getaway needs, you&#8217;ll have no trouble finding the ideal mobile home rental for the whole family.   <\/p><div class=\"columns\" style=\"align-items:center;\"><div class=\"columns__item texte fade-left\" style=\"align-self:center;\"><h2 class=\"h3\" style=\"color: var(--orange-clair);\">Mobile home rental in a 4-star campsite <span class=\"fc-span\">near Ars-en-R\u00e9<\/span><\/h2><p    >Are you looking for a group mobile home rental near Ars en R\u00e9 for a change of scenery for the whole family? Choose the 4-star Les Varennes campsite, which offers mobile home rentals. The campsite offers the Oc\u00e9ane range, with up to 40 m\u00b2 of living space. Supplied with 3 bedrooms, 2 bathrooms and 2 toilets, it can accommodate a total of 6 people.   <\/p><p    >Take advantage of the modern facilities to feel right at home. And save even more by preparing your own meals in the fully equipped kitchen. If you&#8217;re with friends, the campsite also has mobile homes for 2 to 4 people.  <\/p><\/div><\/div><div class=\"columns reverse-mob\" style=\"align-items:center;\"><div class=\"columns__item texte fade-right\" style=\"align-self:center;\"><h2 class=\"h3\" style=\"color: var(--bleu-fonce);\">Mobile homes that make you feel at home <span class=\"fc-span\">just a stone&#8217;s throw from Ars en R\u00e9<\/span><\/h2><p    >The crystal-clear sea and pleasant climate make the Ile de R\u00e9 an ideal vacation destination. Make the most of the landscape, but also of the modernity and functionality of a 2-person mobile home rental near Ars en R\u00e9. Our accommodations offer you optimum comfort. A spacious living area, bedrooms with large, comfortable beds, a fully-equipped kitchen, ample storage space, a private bathroom and toilet.   <\/p><p    >There&#8217;s a wide choice of accommodation to suit all tastes. Enjoy the calm and idyllic setting just 800 m from the beach. A mobile home rental near Ars-en-R\u00e9 gives you the chance to relax after exploring the village.  <\/p><\/div><\/div><div class=\"columns\" style=\"align-items:center;\"><div class=\"columns__item texte fade-left\" style=\"align-self:center;\"><h2 class=\"h3\" style=\"color: var(--vert);\">Extraordinary sights in Ars en R\u00e9 <span class=\"fc-span\">during your stay in a mobile home<\/span><\/h2><p    >Treat yourself to a stroll through such must-see sites as Port St Martin, the Pont de l&#8217;\u00eele de R\u00e9, the Phare des Baleines&#8230; Whatever your vacation desires, whether camping with family, friends or four-legged companions, Ars-en-R\u00e9 guarantees an unforgettable stay.<\/p><\/div><\/div>","protected":false},"excerpt":{"rendered":"<p>Mobile home rental 20min from Ars en R\u00e9 Discover Ars-en R\u00e9 from your mobile home rental, ideal for your stay on the \u00cele de R\u00e9. You&#8217;ll find all the services you need for you and your children, including swimming pools and playgrounds. Pitches are a popular choice for vacations in Ars-en-R\u00e9. For all your getaway [&hellip;]<\/p>\n","protected":false},"author":1,"featured_media":0,"parent":0,"menu_order":0,"comment_status":"open","ping_status":"open","template":"","meta":{"_acf_changed":false,"footnotes":""},"acf":[],"_links":{"self":[{"href":"https:\/\/www.les-varennes.com\/en\/wp-json\/wp\/v2\/pages\/1929"}],"collection":[{"href":"https:\/\/www.les-varennes.com\/en\/wp-json\/wp\/v2\/pages"}],"about":[{"href":"https:\/\/www.les-varennes.com\/en\/wp-json\/wp\/v2\/types\/page"}],"author":[{"embeddable":true,"href":"https:\/\/www.les-varennes.com\/en\/wp-json\/wp\/v2\/users\/1"}],"replies":[{"embeddable":true,"href":"https:\/\/www.les-varennes.com\/en\/wp-json\/wp\/v2\/comments?post=1929"}],"version-history":[{"count":1,"href":"https:\/\/www.les-varennes.com\/en\/wp-json\/wp\/v2\/pages\/1929\/revisions"}],"predecessor-version":[{"id":1930,"href":"https:\/\/www.les-varennes.com\/en\/wp-json\/wp\/v2\/pages\/1929\/revisions\/1930"}],"wp:attachment":[{"href":"https:\/\/www.les-varennes.com\/en\/wp-json\/wp\/v2\/media?parent=1929"}],"curies":[{"name":"wp","href":"https:\/\/api.w.org\/{rel}","templated":true}]}}