{"id":1935,"date":"2025-05-16T09:54:50","date_gmt":"2025-05-16T07:54:50","guid":{"rendered":"https:\/\/www.les-varennes.com\/camping-saint-martin-en-re\/"},"modified":"2025-08-06T16:04:33","modified_gmt":"2025-08-06T14:04:33","slug":"camping-saint-martin-en-re","status":"publish","type":"page","link":"https:\/\/www.les-varennes.com\/en\/camping-saint-martin-en-re\/","title":{"rendered":"Camping Saint martin en r\u00e9"},"content":{"rendered":"<div class=\"diaporama-header align-full\"><div class=\"gallery\"><figure class=\"gallery__item\"><picture><source srcset=\"https:\/\/www.les-varennes.com\/wp-content\/uploads\/2025\/05\/AdobeStock_166883081-1-420x315.webp\" media=\"(max-width: 210px)\"><source srcset=\"https:\/\/www.les-varennes.com\/wp-content\/uploads\/2025\/05\/AdobeStock_166883081-1-850x638.webp\" media=\"(max-width: 420px)\"><source srcset=\"https:\/\/www.les-varennes.com\/wp-content\/uploads\/2025\/05\/AdobeStock_166883081-1-768x576.webp\" media=\"(max-width: 850px)\"><source srcset=\"https:\/\/www.les-varennes.com\/wp-content\/uploads\/2025\/05\/AdobeStock_166883081-1-1024x768.webp\" media=\"(max-width: 1024px)\"><source srcset=\"https:\/\/www.les-varennes.com\/wp-content\/uploads\/2025\/05\/AdobeStock_166883081-1.webp\" media=\"(min-width: 1025px)\"><img loading=\"lazy\" decoding=\"async\" src=\"https:\/\/www.les-varennes.com\/wp-content\/uploads\/2025\/05\/AdobeStock_166883081-1-420x315.webp\" width=\"420\" height=\"210\"><\/picture><\/figure><\/div><div class=\"diaporama-header__inner\"><\/div><\/div><h1 class=\"h2\" style=\"text-align: center;color: var(--marron);\">Campsite near <span class=\"fc-span\">Saint-Martin-de-R\u00e9<\/span><\/h1><p  style=\"text-align: center;\"  >Enjoy an idyllic vacation at one of the most beautiful campsites on the Ile de R\u00e9. Welcome to Les Varennes, a campsite near Saint-Martin-de-R\u00e9 in Charente-Maritime. Our 4-star estate welcomes you to enjoy a memorable stay with your family or loved ones. What&#8217;s in it for you? Comfortable accommodation (mobile homes), fully-equipped pitches and a host of activities and entertainment provided by the campsite&#8217;s entertainers. You&#8217;ll have the time of your life during this week&#8217;s vacation at a campsite just a stone&#8217;s throw from the beach and the must-see tourist destinations of the Ile de R\u00e9!     <\/p><div class=\"columns\" style=\"align-items:center;\"><div class=\"columns__item texte fade-left\" style=\"align-self:center;\"><h2 class=\"h3\" style=\"color: var(--orange-clair);\">Things to do near our campsite <span class=\"fc-span\">in Saint-Martin-de-R\u00e9<\/span><\/h2><p    >Are you looking for a comfortable campsite for your next vacation on the Ile de R\u00e9? Les Varennes, a campsite near Saint-Martin-de-R\u00e9, is the answer! Our estate opens its doors to accommodate you during your stay in south-west France. You can rent a mobile home or a pitch for a tent, camper van or caravan near some of the most beautiful spots on the Ile de R\u00e9 in Charente-Maritime!   <\/p><p    >How to get your stay off to a good start? By taking a tour of the island, where you can visit every village. Start by exploring Saint-Martin-de-R\u00e9 with your other half or your children. This seaside resort in Charente-Maritime offers you the comfort of its beach for an afternoon of sandcastles with the little ones.   <\/p><div class=\"lireplus fc-desk\"><p    >Read more<\/p><div class=\"group\"><p    >But that&#8217;s not all! Saint-Martin-de-R\u00e9 tells its story through the Vauban fortifications, created in the 17th century to protect the citadel, and its Ernest-Cognacq museum, which presents the history of the Ile de R\u00e9. <\/p><p    >Then stroll through the more natural part of Saint-Martin-de-R\u00e9 in the Parc de la Barbette, or hop on your bike for a tour of the salt marshes. Pedal for a few minutes and you&#8217;ll come across the Baleines lighthouse in the commune of Saint-Cl\u00e9ment-des-Baleines. <\/p><p    >End your exceptional stroll with a drink in the port of Saint-Martin-de-R\u00e9 as you watch the boats set sail and book your next day&#8217;s excursion to La Rochelle or Fort Boyard!<\/p><\/div><\/div><\/div><\/div><div class=\"columns reverse-mob\" style=\"align-items:center;\"><div class=\"columns__item texte fade-right\" style=\"align-self:center;\"><h2 class=\"h3\" style=\"color: var(--bleu-fonce);\">A refreshing break in the <span class=\"fc-span\">Les Varennes campsite<\/span> swimming pool<\/h2><p    >Do you dream of an unforgettable seaside holiday with your children or your other half? Opt for a campsite with all the comforts you need: cosy accommodation and a water park with swimming pool! Our campsite near Saint-Martin-de-R\u00e9 wants to offer you the very best for your stay in south-west France! That&#8217;s why we&#8217;ve thought of an essential infrastructure for a fun-filled week with the family: an aquatic area with two swimming pools &#8211; a heated indoor pool and an outdoor pool.     <\/p><p    >We&#8217;ve also added paddling pools for younger children. Finally, we invite you to the swimming pool area for an aquagym session or a relaxing session in the campsite jacuzzi. And if you prefer to swim in the Atlantic Ocean? The beach is just a few steps away!   <\/p><\/div><\/div><div class=\"columns\" style=\"align-items:center;\"><div class=\"columns__item texte fade-left\" style=\"align-self:center;\"><h2 class=\"h3\" style=\"color: var(--vert);\">Rent a comfortable mobile home near<span class=\"fc-span\"> Saint-Martin-de-R\u00e9<\/span><\/h2><p    >While a swimming pool and Jacuzzi are two essential elements for a relaxing stay on the Ile de R\u00e9, comfortable accommodation is also a must. Les Varennes leaves nothing to chance for your week&#8217;s vacation in Saint-Martin-de-R\u00e9, offering you a fully-equipped mobile home with lounge area, kitchenette and terrace!   <\/p><p    >Each mobile home has 2 or 3 bedrooms and can accommodate 2 to 6 people. What&#8217;s more, linen and wifi are provided when you rent a mobile home at our campsite near Saint-Martin-de-R\u00e9. Finally, despite all the comfort promised by our accommodations, take advantage of a low price for this reservation. In fact, all our rentals are designed to be affordable, so that every family can book with us and enjoy an exceptional stay on the Ile de R\u00e9.   <\/p><\/div><\/div><div class=\"columns reverse-mob\" style=\"align-items:center;\"><div class=\"columns__item texte fade-right\" style=\"align-self:center;\"><h2 class=\"h3\" style=\"color: var(--orange-clair);\">Camping in <span class=\"fc-span\">Saint-Martin-de-R\u00e9<\/span><\/h2><p    >As explained above, at Les Varennes, a campsite near Saint-Martin-de-R\u00e9, our aim is to enable everyone to enjoy an exceptional stay on the Ile de R\u00e9. That&#8217;s why we not only offer mobile home rentals, but also pitch rentals near Saint Martin de R\u00e9, so that nature-loving holidaymakers can bring a tent, camper van or caravan.   <\/p><p    >What&#8217;s more, these pitches remain comfortable thanks to all the campsite facilities available and included in the price of your rental: heated sanitary facilities, water point, laundry facilities and access to electricity. So you can spend a week&#8217;s vacation in harmony with nature, without compromising on comfort! Take advantage of your pitch rental to enjoy an afternoon at the campsite swimming pool, a relaxing moment in the spa or a sandcastle day at the beach!  <\/p><\/div><\/div><div class=\"columns reverse-mob\" style=\"align-items:center;\"><div class=\"columns__item texte fade-right\" style=\"align-self:center;\"><h2 class=\"h3\" style=\"color: var(--bleu-fonce);\">4-star services at our campsite <span class=\"fc-span\">near Saint-Martin-de-R\u00e9<\/span><\/h2><p    >Our campsite near Saint-Martin-de-R\u00e9 offers cosy accommodation, spacious pitches, an aquatic park with swimming pool, a campsite close to the beach, and an estate close to every tourist village on the Ile de R\u00e9 and other destinations (Ile d&#8217;Ol\u00e9ron, La Rochelle&#8230;).  <\/p><p    >But at Les Varennes, we don&#8217;t stop there! Our establishment also offers a host of star-rated services to make your stay in south-west France even more memorable. Children&#8217;s club, playground, on-site catering, gym and bike hire to discover the Ile de R\u00e9 without a car: you&#8217;ll love this week&#8217;s vacation at our 4-star campsite.  <\/p><\/div><\/div>","protected":false},"excerpt":{"rendered":"<p>Campsite near Saint-Martin-de-R\u00e9 Enjoy an idyllic vacation at one of the most beautiful campsites on the Ile de R\u00e9. Welcome to Les Varennes, a campsite near Saint-Martin-de-R\u00e9 in Charente-Maritime. Our 4-star estate welcomes you to enjoy a memorable stay with your family or loved ones. What&#8217;s in it for you? Comfortable accommodation (mobile homes), fully-equipped [&hellip;]<\/p>\n","protected":false},"author":1,"featured_media":0,"parent":0,"menu_order":0,"comment_status":"open","ping_status":"open","template":"","meta":{"_acf_changed":false,"footnotes":""},"acf":[],"_links":{"self":[{"href":"https:\/\/www.les-varennes.com\/en\/wp-json\/wp\/v2\/pages\/1935"}],"collection":[{"href":"https:\/\/www.les-varennes.com\/en\/wp-json\/wp\/v2\/pages"}],"about":[{"href":"https:\/\/www.les-varennes.com\/en\/wp-json\/wp\/v2\/types\/page"}],"author":[{"embeddable":true,"href":"https:\/\/www.les-varennes.com\/en\/wp-json\/wp\/v2\/users\/1"}],"replies":[{"embeddable":true,"href":"https:\/\/www.les-varennes.com\/en\/wp-json\/wp\/v2\/comments?post=1935"}],"version-history":[{"count":1,"href":"https:\/\/www.les-varennes.com\/en\/wp-json\/wp\/v2\/pages\/1935\/revisions"}],"predecessor-version":[{"id":1936,"href":"https:\/\/www.les-varennes.com\/en\/wp-json\/wp\/v2\/pages\/1935\/revisions\/1936"}],"wp:attachment":[{"href":"https:\/\/www.les-varennes.com\/en\/wp-json\/wp\/v2\/media?parent=1935"}],"curies":[{"name":"wp","href":"https:\/\/api.w.org\/{rel}","templated":true}]}}