{"id":1943,"date":"2025-05-16T09:54:50","date_gmt":"2025-05-16T07:54:50","guid":{"rendered":"https:\/\/www.les-varennes.com\/activities\/"},"modified":"2025-10-24T09:43:35","modified_gmt":"2025-10-24T07:43:35","slug":"activities","status":"publish","type":"page","link":"https:\/\/www.les-varennes.com\/en\/activities\/","title":{"rendered":"Activities"},"content":{"rendered":"<div class=\"diaporama-header align-full\"><div class=\"gallery\"><figure class=\"gallery__item\"><picture><source srcset=\"https:\/\/www.les-varennes.com\/wp-content\/uploads\/2025\/05\/terrain-de-petanque-420x280.webp\" media=\"(max-width: 210px)\"><source srcset=\"https:\/\/www.les-varennes.com\/wp-content\/uploads\/2025\/05\/terrain-de-petanque-850x567.webp\" media=\"(max-width: 420px)\"><source srcset=\"https:\/\/www.les-varennes.com\/wp-content\/uploads\/2025\/05\/terrain-de-petanque-768x512.webp\" media=\"(max-width: 850px)\"><source srcset=\"https:\/\/www.les-varennes.com\/wp-content\/uploads\/2025\/05\/terrain-de-petanque-1024x683.webp\" media=\"(max-width: 1024px)\"><source srcset=\"https:\/\/www.les-varennes.com\/wp-content\/uploads\/2025\/05\/terrain-de-petanque.webp\" media=\"(min-width: 1025px)\"><img loading=\"lazy\" decoding=\"async\" src=\"https:\/\/www.les-varennes.com\/wp-content\/uploads\/2025\/05\/terrain-de-petanque-420x280.webp\" width=\"420\" height=\"210\"><\/picture><\/figure><\/div><div class=\"diaporama-header__inner\"><\/div><\/div>\n\n<div class=\"columns\" style=\"align-items:center;\"><div class=\"columns__item texte fade-left\" style=\"align-self:center;\"><h1 class=\"h1 left ombre span-vert-clair\" style=\"color: var(--vert);\">Activities at the <span class=\"fc-span\">Ile de R\u00e9 campsite<\/span><\/h1><p    >On the \u00cele de R\u00e9, every day can be synonymous with discovery, nature and relaxation. Whether you&#8217;re a fan of active leisure activities, looking for a family get-together, or simply want to enjoy the peaceful surroundings, our campsite offers a range of activities to suit all ages and rhythms. <\/p><\/div><div class=\"columns__item media fade-right\" style=\"align-self:center;\"><figure><picture><source srcset=\"https:\/\/www.les-varennes.com\/wp-content\/uploads\/2025\/05\/Ping-Pong-1-e1748010885175-333x420.webp\" media=\"(max-width: 210px)\"><source srcset=\"https:\/\/www.les-varennes.com\/wp-content\/uploads\/2025\/05\/Ping-Pong-1-e1748010885175-673x850.webp\" media=\"(max-width: 420px)\"><source srcset=\"https:\/\/www.les-varennes.com\/wp-content\/uploads\/2025\/05\/Ping-Pong-1-e1748010885175-768x970.webp\" media=\"(max-width: 850px)\"><source srcset=\"https:\/\/www.les-varennes.com\/wp-content\/uploads\/2025\/05\/Ping-Pong-1-e1748010885175-811x1024.webp\" media=\"(max-width: 1024px)\"><source srcset=\"https:\/\/www.les-varennes.com\/wp-content\/uploads\/2025\/05\/Ping-Pong-1-e1748010885175.webp\" media=\"(min-width: 1025px)\"><img decoding=\"async\" src=\"https:\/\/www.les-varennes.com\/wp-content\/uploads\/2025\/05\/Ping-Pong-1-e1748010885175-333x420.webp\" width=\"420\" height=\"210\" loading=\"lazy\"><\/picture><\/figure><\/div><\/div>\n\n<div class=\"columns sec-10 reverse-mob\" style=\"align-items:center;\"><div class=\"columns__item media fade-left\" style=\"align-self:center;\"><div class=\"gallery\"><figure class=\"gallery__item\"><picture><source srcset=\"https:\/\/www.les-varennes.com\/wp-content\/uploads\/2025\/05\/city-stade-420x280.webp\" media=\"(max-width: 210px)\"><source srcset=\"https:\/\/www.les-varennes.com\/wp-content\/uploads\/2025\/05\/city-stade-850x566.webp\" media=\"(max-width: 420px)\"><source srcset=\"https:\/\/www.les-varennes.com\/wp-content\/uploads\/2025\/05\/city-stade-768x512.webp\" media=\"(max-width: 850px)\"><source srcset=\"https:\/\/www.les-varennes.com\/wp-content\/uploads\/2025\/05\/city-stade-1024x682.webp\" media=\"(max-width: 1024px)\"><source srcset=\"https:\/\/www.les-varennes.com\/wp-content\/uploads\/2025\/05\/city-stade.webp\" media=\"(min-width: 1025px)\"><img decoding=\"async\" src=\"https:\/\/www.les-varennes.com\/wp-content\/uploads\/2025\/05\/city-stade-420x280.webp\" width=\"420\" height=\"210\" loading=\"lazy\"><\/picture><\/figure><\/div><\/div><div class=\"columns__item texte fade-right\" style=\"align-self:center;\"><h2 class=\"span-h2 right ombre span-marron\" style=\"color: var(--orange);\">Keep fit <span class=\"fc-span\">and have fun outdoors<\/span><\/h2><p    >Because vacations are also an opportunity to look after yourself while having fun, our campsite offers a range of sporting activities accessible to all. Gently get your body moving again with our aquagym classes, held throughout the season.<\/p><div class=\"lireplus fc-desk\"><p    >Read more<\/p><div class=\"group\"><p    >To keep in shape at your own pace, a fitness room is available throughout your stay. And if you prefer outdoor activities, challenge your friends and family to a game of table tennis, on the mini-city stadium or at the bowling alley for some friendly, dynamic fun. <\/p><\/div><\/div><\/div><\/div>\n\n<div class=\"cover mini is-fixed hide-mob align-full\" data-bgimage=\"https:\/\/www.les-varennes.com\/wp-content\/uploads\/2025\/05\/AdobeStock_354109152.webp\" data-bgimagexs=\"https:\/\/www.les-varennes.com\/wp-content\/uploads\/2025\/05\/AdobeStock_354109152-768x512.webp\"><span style=\"filter: opacity(40%); background-color:var(--noir);\"><\/span><div class=\"cover__inner\"><p class=\"wording\"   >Every day has a taste of adventure <span class=\"fc-span\">on the Ile de R\u00e9<\/span><\/p><figure class=\"deco--cercle\"><picture><source srcset=\"https:\/\/www.les-varennes.com\/wp-content\/uploads\/2025\/05\/deco-cercle-blanc.webp\" media=\"(max-width: 210px)\"><source srcset=\"https:\/\/www.les-varennes.com\/wp-content\/uploads\/2025\/05\/deco-cercle-blanc.webp\" media=\"(max-width: 420px)\"><source srcset=\"https:\/\/www.les-varennes.com\/wp-content\/uploads\/2025\/05\/deco-cercle-blanc.webp\" media=\"(max-width: 850px)\"><source srcset=\"https:\/\/www.les-varennes.com\/wp-content\/uploads\/2025\/05\/deco-cercle-blanc.webp\" media=\"(max-width: 1024px)\"><source srcset=\"https:\/\/www.les-varennes.com\/wp-content\/uploads\/2025\/05\/deco-cercle-blanc.webp\" media=\"(min-width: 1025px)\"><img decoding=\"async\" src=\"https:\/\/www.les-varennes.com\/wp-content\/uploads\/2025\/05\/deco-cercle-blanc.webp\" width=\"420\" height=\"210\" loading=\"lazy\"><\/picture><\/figure><\/div><\/div>\n\n<div class=\"columns\" style=\"align-items:center;\"><div class=\"columns__item texte fade-left\" style=\"align-self:center;\"><h2 class=\"h1 left ombre span-h2 span-bleu-fonce\" style=\"color: var(--bleu);\">Children&#8217;s activities <span class=\"fc-span\">and outdoor games<\/span><\/h2><p    >At the campsite, youngsters are king! There&#8217;s a secure play area where they can climb, slide, run and let off steam with friends. In July and August, the &#8220;Les Ptits Mouss&#8221; mini-club welcomes children aged 5 to 11 and over for a program of manual, playful and creative activities in a cheerful atmosphere.<\/p><\/div><div class=\"columns__item media fade-right\" style=\"align-self:center;\"><figure><picture><source srcset=\"https:\/\/www.les-varennes.com\/wp-content\/uploads\/2025\/05\/AdobeStock_148096490-3-Palette-343x420.webp\" media=\"(max-width: 210px)\"><source srcset=\"https:\/\/www.les-varennes.com\/wp-content\/uploads\/2025\/05\/AdobeStock_148096490-3-Palette-695x850.webp\" media=\"(max-width: 420px)\"><source srcset=\"https:\/\/www.les-varennes.com\/wp-content\/uploads\/2025\/05\/AdobeStock_148096490-3-Palette-768x939.webp\" media=\"(max-width: 850px)\"><source srcset=\"https:\/\/www.les-varennes.com\/wp-content\/uploads\/2025\/05\/AdobeStock_148096490-3-Palette-837x1024.webp\" media=\"(max-width: 1024px)\"><source srcset=\"https:\/\/www.les-varennes.com\/wp-content\/uploads\/2025\/05\/AdobeStock_148096490-3-Palette.webp\" media=\"(min-width: 1025px)\"><img decoding=\"async\" src=\"https:\/\/www.les-varennes.com\/wp-content\/uploads\/2025\/05\/AdobeStock_148096490-3-Palette-343x420.webp\" width=\"420\" height=\"210\" loading=\"lazy\"><\/picture><\/figure><\/div><\/div>\n\n<div class=\"group sec-15 align-full\" style=\"background-color:var(--orange);\"><h2 class=\"h1 span-h2\" style=\"text-align: center;\">Animated <span class=\"fc-span\">moments to enjoy together<\/span><\/h2><p  style=\"text-align: center;\"  >In a friendly, caring atmosphere, our entertainment is designed for young and old alike. In high season, you&#8217;ll be able to enjoy a joyful, dynamic and warm atmosphere, while respecting the tranquility and family spirit of the campsite. <\/p><div class=\"lireplus center fc-mob\"><p  style=\"text-align: center;\"  >Read more<\/p><div class=\"group\"><p  style=\"text-align: center;\"  >Concerts, sports broadcasts or family entertainment: every evening is an opportunity to gather on the terrace or indoors, in a friendly atmosphere, right next to the aquatic area.<\/p><\/div><\/div><div class=\"gallery f-carousel fc-diapo-mob\" data-fancybox=\"gallery-mob\"><figure class=\"gallery__item\"><picture><source srcset=\"https:\/\/www.les-varennes.com\/wp-content\/uploads\/2025\/08\/Reportage-Camping-Les-Varennes-25-juillet-2024-019-420x280.jpg.webp\" media=\"(max-width: 210px)\"><source srcset=\"https:\/\/www.les-varennes.com\/wp-content\/uploads\/2025\/08\/Reportage-Camping-Les-Varennes-25-juillet-2024-019-850x567.jpg.webp\" media=\"(max-width: 420px)\"><source srcset=\"https:\/\/www.les-varennes.com\/wp-content\/uploads\/2025\/08\/Reportage-Camping-Les-Varennes-25-juillet-2024-019-768x512.jpg.webp\" media=\"(max-width: 850px)\"><source srcset=\"https:\/\/www.les-varennes.com\/wp-content\/uploads\/2025\/08\/Reportage-Camping-Les-Varennes-25-juillet-2024-019-1024x683.jpg.webp\" media=\"(max-width: 1024px)\"><source srcset=\"https:\/\/www.les-varennes.com\/wp-content\/uploads\/2025\/08\/Reportage-Camping-Les-Varennes-25-juillet-2024-019-scaled.jpg.webp\" media=\"(min-width: 1025px)\"><img decoding=\"async\" src=\"https:\/\/www.les-varennes.com\/wp-content\/uploads\/2025\/08\/Reportage-Camping-Les-Varennes-25-juillet-2024-019-420x280.jpg.webp\" width=\"420\" height=\"210\" loading=\"lazy\"><\/picture><figcaption>Entertainment for young and old<\/figcaption><\/figure><figure class=\"gallery__item\"><picture><source srcset=\"https:\/\/www.les-varennes.com\/wp-content\/uploads\/2025\/08\/Reportage-Camping-Les-Varennes-25-juillet-2024-008-420x280.jpg.webp\" media=\"(max-width: 210px)\"><source srcset=\"https:\/\/www.les-varennes.com\/wp-content\/uploads\/2025\/08\/Reportage-Camping-Les-Varennes-25-juillet-2024-008-850x567.jpg.webp\" media=\"(max-width: 420px)\"><source srcset=\"https:\/\/www.les-varennes.com\/wp-content\/uploads\/2025\/08\/Reportage-Camping-Les-Varennes-25-juillet-2024-008-768x512.jpg.webp\" media=\"(max-width: 850px)\"><source srcset=\"https:\/\/www.les-varennes.com\/wp-content\/uploads\/2025\/08\/Reportage-Camping-Les-Varennes-25-juillet-2024-008-1024x683.jpg.webp\" media=\"(max-width: 1024px)\"><source srcset=\"https:\/\/www.les-varennes.com\/wp-content\/uploads\/2025\/08\/Reportage-Camping-Les-Varennes-25-juillet-2024-008-scaled.jpg.webp\" media=\"(min-width: 1025px)\"><img decoding=\"async\" src=\"https:\/\/www.les-varennes.com\/wp-content\/uploads\/2025\/08\/Reportage-Camping-Les-Varennes-25-juillet-2024-008-420x280.jpg.webp\" width=\"420\" height=\"210\" loading=\"lazy\"><\/picture><figcaption>Weekly evening entertainment<\/figcaption><\/figure><figure class=\"gallery__item\"><picture><source srcset=\"https:\/\/www.les-varennes.com\/wp-content\/uploads\/2025\/08\/20250709_LesVarennes_lifestyle-030-420x280.jpg.webp\" media=\"(max-width: 210px)\"><source srcset=\"https:\/\/www.les-varennes.com\/wp-content\/uploads\/2025\/08\/20250709_LesVarennes_lifestyle-030-850x567.jpg.webp\" media=\"(max-width: 420px)\"><source srcset=\"https:\/\/www.les-varennes.com\/wp-content\/uploads\/2025\/08\/20250709_LesVarennes_lifestyle-030-768x512.jpg.webp\" media=\"(max-width: 850px)\"><source srcset=\"https:\/\/www.les-varennes.com\/wp-content\/uploads\/2025\/08\/20250709_LesVarennes_lifestyle-030-1024x683.jpg.webp\" media=\"(max-width: 1024px)\"><source srcset=\"https:\/\/www.les-varennes.com\/wp-content\/uploads\/2025\/08\/20250709_LesVarennes_lifestyle-030-scaled.jpg.webp\" media=\"(min-width: 1025px)\"><img decoding=\"async\" src=\"https:\/\/www.les-varennes.com\/wp-content\/uploads\/2025\/08\/20250709_LesVarennes_lifestyle-030-420x280.jpg.webp\" width=\"420\" height=\"210\" loading=\"lazy\"><\/picture><figcaption>Good humor guaranteed<\/figcaption><\/figure><\/div><\/div>","protected":false},"excerpt":{"rendered":"<p>Activities at the Ile de R\u00e9 campsite On the \u00cele de R\u00e9, every day can be synonymous with discovery, nature and relaxation. Whether you&#8217;re a fan of active leisure activities, looking for a family get-together, or simply want to enjoy the peaceful surroundings, our campsite offers a range of activities to suit all ages and [&hellip;]<\/p>\n","protected":false},"author":1,"featured_media":0,"parent":0,"menu_order":0,"comment_status":"open","ping_status":"open","template":"","meta":{"_acf_changed":false,"footnotes":""},"acf":[],"_links":{"self":[{"href":"https:\/\/www.les-varennes.com\/en\/wp-json\/wp\/v2\/pages\/1943"}],"collection":[{"href":"https:\/\/www.les-varennes.com\/en\/wp-json\/wp\/v2\/pages"}],"about":[{"href":"https:\/\/www.les-varennes.com\/en\/wp-json\/wp\/v2\/types\/page"}],"author":[{"embeddable":true,"href":"https:\/\/www.les-varennes.com\/en\/wp-json\/wp\/v2\/users\/1"}],"replies":[{"embeddable":true,"href":"https:\/\/www.les-varennes.com\/en\/wp-json\/wp\/v2\/comments?post=1943"}],"version-history":[{"count":6,"href":"https:\/\/www.les-varennes.com\/en\/wp-json\/wp\/v2\/pages\/1943\/revisions"}],"predecessor-version":[{"id":2392,"href":"https:\/\/www.les-varennes.com\/en\/wp-json\/wp\/v2\/pages\/1943\/revisions\/2392"}],"wp:attachment":[{"href":"https:\/\/www.les-varennes.com\/en\/wp-json\/wp\/v2\/media?parent=1943"}],"curies":[{"name":"wp","href":"https:\/\/api.w.org\/{rel}","templated":true}]}}