{"id":1967,"date":"2025-05-16T09:54:52","date_gmt":"2025-05-16T07:54:52","guid":{"rendered":"https:\/\/www.les-varennes.com\/rental-saint-clement-des-baleines\/"},"modified":"2025-08-06T16:05:01","modified_gmt":"2025-08-06T14:05:01","slug":"rental-saint-clement-des-baleines","status":"publish","type":"page","link":"https:\/\/www.les-varennes.com\/en\/rental-saint-clement-des-baleines\/","title":{"rendered":"Rental Saint clement des baleines"},"content":{"rendered":"<div class=\"diaporama-header align-full\"><div class=\"gallery\"><figure class=\"gallery__item\"><picture><source srcset=\"https:\/\/www.les-varennes.com\/wp-content\/uploads\/2025\/05\/AdobeStock_102898889-1-420x280.webp\" media=\"(max-width: 210px)\"><source srcset=\"https:\/\/www.les-varennes.com\/wp-content\/uploads\/2025\/05\/AdobeStock_102898889-1-850x567.webp\" media=\"(max-width: 420px)\"><source srcset=\"https:\/\/www.les-varennes.com\/wp-content\/uploads\/2025\/05\/AdobeStock_102898889-1-768x512.webp\" media=\"(max-width: 850px)\"><source srcset=\"https:\/\/www.les-varennes.com\/wp-content\/uploads\/2025\/05\/AdobeStock_102898889-1-1024x683.webp\" media=\"(max-width: 1024px)\"><source srcset=\"https:\/\/www.les-varennes.com\/wp-content\/uploads\/2025\/05\/AdobeStock_102898889-1.webp\" media=\"(min-width: 1025px)\"><img loading=\"lazy\" decoding=\"async\" src=\"https:\/\/www.les-varennes.com\/wp-content\/uploads\/2025\/05\/AdobeStock_102898889-1-420x280.webp\" width=\"420\" height=\"210\"><\/picture><\/figure><\/div><div class=\"diaporama-header__inner\"><\/div><\/div><h1 class=\"h2\" style=\"text-align: center;color: var(--marron);\">Mobile home rental 20min from <span class=\"fc-span\">Saint Cl\u00e9ment des Baleines<\/span><\/h1><p  style=\"text-align: center;\"  >Enjoy a nature vacation and recharge your batteries in the calm of the Ile de R\u00e9. To complete your stay, <strong>rent a mobile home near Saint Cl\u00e9ment des Baleines<\/strong>. You&#8217;ll appreciate the authenticity of the village, with its <strong>miles of beach and exceptional surroundings<\/strong>.  <\/p><div class=\"columns\" style=\"align-items:center;\"><div class=\"columns__item texte fade-left\" style=\"align-self:center;\"><h2 class=\"h3\" style=\"color: var(--orange-clair);\">Mobile homes for rent to suit your needs near <span class=\"fc-span\">Saint-Cl\u00e9ment-des-Baleines<\/span><\/h2><p    >The 4-star Les Varennes campsite on the \u00cele de R\u00e9 offers 2-person mobile-home rentals near Saint Cl\u00e9ment des Baleines. Cosy rooms with large beds and soft bed linen await you. If you&#8217;re traveling with your family, you can choose a group mobile-home rental near Saint Cl\u00e9ment des Baleines, accommodating up to 6 people.  <\/p><p    >Well thought-out, you&#8217;ll have all the comforts of home. With a mobile home rental in Saint Cl\u00e9ment des Baleines, you&#8217;ll enjoy your stay to the full, without missing a thing. A fully-equipped kitchen with dishwasher, a lounge area with flat-screen TV, blackout blinds in the bedrooms, deckchairs on which you can sunbathe on a semi-covered wooden terrace. For a breath of fresh iodized air, the beach is just 300 m from Les Varennes campsite.   <\/p><\/div><\/div><div class=\"columns reverse-mob\" style=\"align-items:center;\"><div class=\"columns__item texte fade-right\" style=\"align-self:center;\"><h2 class=\"h3\" style=\"color: var(--bleu-fonce);\">Saint-Cl\u00e9ment-des-Baleines, the ideal location <span class=\"fc-span\">for your mobile home vacation<\/span><\/h2><p    >In Saint Cl\u00e9ment des baleines, you&#8217;re spoilt for choice when it comes to <strong>activities to enjoy with family and friends<\/strong>. A visit to the Phare des baleines is well worth the detour. From the top of the lighthouse, you have a sublime <strong>360\u00b0<\/strong> view <strong>over the magnificent landscape<\/strong> of the Ile de R\u00e9. For gourmets, you can sample some excellent oysters <strong>at the Ferme des Baleines<\/strong>.   <\/p><p    >Take advantage of the Conche des Baleines beach and experience some wonderful sunsets. Stroll along the narrow streets and lanes and discover relics of the past brimming with art and treasures. Not only will you be seduced by the <strong>mobile home rental Saint Cl\u00e9ment des Baleines<\/strong>, but also by the history of the Ile de R\u00e9.  <\/p><\/div><\/div><div class=\"columns\" style=\"align-items:center;\"><div class=\"columns__item texte fade-left\" style=\"align-self:center;\"><h2 class=\"h3\" style=\"color: var(--vert);\">Your holiday near Saint-Cl\u00e9ment-des-Baleines <span class=\"fc-span\">in a mobile home<\/span><\/h2><p    >Why not volunteer your time to look after the Mouffette fish lock? Located at the foot of the lighthouse, you can help maintain the island&#8217;s ancestral heritage. <\/p><p    >Well-referenced on Tripadvisor, Saint Cl\u00e9ment des Baleines is a top destination when you&#8217;re on vacation on the Ile de R\u00e9. And for an extraordinary stay, opt for a mobile home rental near Saint Cl\u00e9ment des Baleines. <\/p><\/div><\/div>","protected":false},"excerpt":{"rendered":"<p>Mobile home rental 20min from Saint Cl\u00e9ment des Baleines Enjoy a nature vacation and recharge your batteries in the calm of the Ile de R\u00e9. To complete your stay, rent a mobile home near Saint Cl\u00e9ment des Baleines. You&#8217;ll appreciate the authenticity of the village, with its miles of beach and exceptional surroundings. Mobile homes [&hellip;]<\/p>\n","protected":false},"author":1,"featured_media":0,"parent":0,"menu_order":0,"comment_status":"open","ping_status":"open","template":"","meta":{"_acf_changed":false,"footnotes":""},"acf":[],"_links":{"self":[{"href":"https:\/\/www.les-varennes.com\/en\/wp-json\/wp\/v2\/pages\/1967"}],"collection":[{"href":"https:\/\/www.les-varennes.com\/en\/wp-json\/wp\/v2\/pages"}],"about":[{"href":"https:\/\/www.les-varennes.com\/en\/wp-json\/wp\/v2\/types\/page"}],"author":[{"embeddable":true,"href":"https:\/\/www.les-varennes.com\/en\/wp-json\/wp\/v2\/users\/1"}],"replies":[{"embeddable":true,"href":"https:\/\/www.les-varennes.com\/en\/wp-json\/wp\/v2\/comments?post=1967"}],"version-history":[{"count":1,"href":"https:\/\/www.les-varennes.com\/en\/wp-json\/wp\/v2\/pages\/1967\/revisions"}],"predecessor-version":[{"id":1968,"href":"https:\/\/www.les-varennes.com\/en\/wp-json\/wp\/v2\/pages\/1967\/revisions\/1968"}],"wp:attachment":[{"href":"https:\/\/www.les-varennes.com\/en\/wp-json\/wp\/v2\/media?parent=1967"}],"curies":[{"name":"wp","href":"https:\/\/api.w.org\/{rel}","templated":true}]}}