{"id":1974,"date":"2025-05-16T09:54:50","date_gmt":"2025-05-16T07:54:50","guid":{"rendered":"https:\/\/www.les-varennes.com\/camping-saint-clement-des-baleines\/"},"modified":"2025-08-06T16:05:03","modified_gmt":"2025-08-06T14:05:03","slug":"camping-saint-clement-des-baleines","status":"publish","type":"page","link":"https:\/\/www.les-varennes.com\/en\/camping-saint-clement-des-baleines\/","title":{"rendered":"Camping Saint clement des baleines"},"content":{"rendered":"<div class=\"diaporama-header align-full\"><div class=\"gallery\"><figure class=\"gallery__item\"><picture><source srcset=\"https:\/\/www.les-varennes.com\/wp-content\/uploads\/2025\/05\/AdobeStock_102898889-1-420x280.webp\" media=\"(max-width: 210px)\"><source srcset=\"https:\/\/www.les-varennes.com\/wp-content\/uploads\/2025\/05\/AdobeStock_102898889-1-850x567.webp\" media=\"(max-width: 420px)\"><source srcset=\"https:\/\/www.les-varennes.com\/wp-content\/uploads\/2025\/05\/AdobeStock_102898889-1-768x512.webp\" media=\"(max-width: 850px)\"><source srcset=\"https:\/\/www.les-varennes.com\/wp-content\/uploads\/2025\/05\/AdobeStock_102898889-1-1024x683.webp\" media=\"(max-width: 1024px)\"><source srcset=\"https:\/\/www.les-varennes.com\/wp-content\/uploads\/2025\/05\/AdobeStock_102898889-1.webp\" media=\"(min-width: 1025px)\"><img loading=\"lazy\" decoding=\"async\" src=\"https:\/\/www.les-varennes.com\/wp-content\/uploads\/2025\/05\/AdobeStock_102898889-1-420x280.webp\" width=\"420\" height=\"210\"><\/picture><\/figure><\/div><div class=\"diaporama-header__inner\"><\/div><\/div><h1 class=\"h2\" style=\"text-align: center;color: var(--marron);\">Campsite near <span class=\"fc-span\">Saint-Cl\u00e9ment-des-Baleines<\/span><\/h1><p  style=\"text-align: center;\"  >Do you know Charente-Maritime? This department of the Nouvelle-Aquitaine region is home to many wonders, including sandy beaches, islands close to the coast and exceptional monuments. It&#8217;s a must-see vacation destination for families, friends and couples in love! Treat yourself to a dream holiday in a campsite on the Ile de R\u00e9 near Saint-Cl\u00e9ment-des-Baleines. Our domain, 300 meters from the beach, welcomes you and offers you a cosy rental or a spacious pitch, as well as a full range of facilities, activities and services. Adults and children alike will love this privileged, low-cost location! Discover our available accommodations now and book on the dates you want. The team at our campsite near Saint-Cl\u00e9ment-des-Baleines looks forward to welcoming you!       <\/p><div class=\"columns\" style=\"align-items:center;\"><div class=\"columns__item texte fade-left\" style=\"align-self:center;\"><h2 class=\"h3\" style=\"color: var(--orange-clair);\">Activities near <span class=\"fc-span\">Saint Cl\u00e9ment des Baleines<\/span><\/h2><p    >A stay on the Ile de R\u00e9 is the ideal opportunity to discover the authentic towns of Charente-Maritime. When you rent a vacation at our campsite near Saint-Cl\u00e9ment-des-Baleines, start by exploring the village. Here you&#8217;ll find the church of Saint-Cl\u00e9ment, an architectural masterpiece from the 19th century, and the famous Phare des Baleines, where you can climb no less than 257 steps!    <\/p><p    >After these timeless discoveries, relax on the Conche des Baleines beach. The kids will love making sandpits while you soak up the sun. If you&#8217;re a nature lover, a second option is a hike along the Lizay state forest trail. Just make sure you have good shoes and some food before you set off!   <\/p><div class=\"lireplus fc-desk\"><p    >Read more<\/p><div class=\"group\"><p    >During your stay at our campsite near Saint-Cl\u00e9ment-des-Baleines, don&#8217;t miss out on discovering the Ile de R\u00e9 and the Charente-Maritime coastline. Head to Les Portes-en-R\u00e9 to meet the birds of its nature reserve, visit Saint-Martin-de-R\u00e9 and its Ernest Cognacq museum, stroll through Ars-en-R\u00e9 or take a boat to La Rochelle to climb its towers.   <\/p><p    >Our campsite near Saint-Cl\u00e9ment-des-Baleines awaits you for a restful night&#8217;s sleep after all your adventures!<\/p><\/div><\/div><\/div><\/div><div class=\"columns reverse-mob\" style=\"align-items:center;\"><div class=\"columns__item texte fade-right\" style=\"align-self:center;\"><h2 class=\"h3\" style=\"color: var(--bleu-fonce);\">Take a dip in the <span class=\"fc-span\">campsite<\/span> pool<\/h2><p    >How can you spend a dream vacation with your family or friends? By booking a rental at one of the best campsites in Charente-Maritime! Our campsite near Saint-Cl\u00e9ment-des-Baleines invites you into its grounds and offers a wide range of facilities for you and your children to enjoy! Discover an extraordinary space: our water park and its two swimming pools!     <\/p><p    >That&#8217;s right, when you rent accommodation or a pitch at our campsite near Saint-Cl\u00e9ment-des-Baleines, you&#8217;ll benefit from two pools for taking the plunge: a heated indoor pool and a heated outdoor pool with a paddling pool for toddlers. What&#8217;s more, you can indulge in a moment of total relaxation in our jacuzzi. And if you fancy a dip in the sea? Our campsite near Saint-Cl\u00e9ment-des-Baleines is ideally located just 300 metres from the beach!   <\/p><\/div><\/div><div class=\"columns\" style=\"align-items:center;\"><div class=\"columns__item texte fade-left\" style=\"align-self:center;\"><h2 class=\"h3\" style=\"color: var(--vert);\">Rent a mobile home near <span class=\"fc-span\">Saint Cl\u00e9ment des Baleines<\/span><\/h2><p    >How do you imagine your week&#8217;s vacation in Western France? Relaxation and comfort? Then our campsite near Saint-Cl\u00e9ment-des-Baleines is just for you! Our campsite offers you the chance to rent a cosy mobile home with terrace for a relaxing night&#8217;s sleep. Several ranges of mobile homes are also available. So you can make your rental choice according to the number of people you&#8217;re planning to accommodate, the facilities (number of bedrooms, etc.) and the price of the accommodation.       <\/p><p    >In any case, our campsite rentals near Saint-Cl\u00e9ment-des-Baleines offer everything you need for your vacation: living room with sofa, kitchen with hob and microwave, bathroom, toilet and bedrooms. Thanks to these accommodations, you&#8217;ll be close to the beach and the most beautiful destinations on the Ile de R\u00e9! <\/p><\/div><\/div><div class=\"columns reverse-mob\" style=\"align-items:center;\"><div class=\"columns__item texte fade-right\" style=\"align-self:center;\"><h2 class=\"h3\" style=\"color: var(--orange-clair);\">Camp at <span class=\"fc-span\">Saint Cl\u00e9ment des Baleines<\/span><\/h2><p    >Are you more the traditional camping type? Sleeping under the stars is also possible at our campsite near Saint-Cl\u00e9ment-des-Baleines. Our star-rated estate offers pitches for rent. You can reserve 90 m\u00b2 for your tent, camper van or caravan. A camping holiday doesn&#8217;t have to be uncomfortable!      <\/p><p    >Our campsite near Saint-Cl\u00e9ment-des-Baleines offers fully-equipped public toilets, showers and washbasins. All you have to do is choose the ideal pitch, according to the amount of sunshine you want and your budget, and take advantage of all our services, activities and entertainment. Enjoy a week&#8217;s vacation on the beach, just a few metres from our campsite near Saint-Cl\u00e9ment-des-Baleines!  <\/p><\/div><\/div><div class=\"columns reverse-mob\" style=\"align-items:center;\"><div class=\"columns__item texte fade-right\" style=\"align-self:center;\"><h2 class=\"h3\" style=\"color: var(--bleu-fonce);\">4-star services near<span class=\"fc-span\"> Saint Cl\u00e9ment des Baleines<\/span><\/h2><p    >Our campsite near Saint-Cl\u00e9ment-des-Baleines offers rentals with terraces, spacious pitches and a water park with swimming pools. At least, part of the program, because we don&#8217;t stop there! Our star-rated establishment wants to ensure your comfort and enjoyment during your camping vacation in Charente-Maritime. That&#8217;s why we offer a wide range of services, including a bar, a grocery store for your shopping needs, a fitness room and a bike rental service.     <\/p><p    >What&#8217;s more, our campsite near Saint-Cl\u00e9ment-des-Baleines has entertainers ready to keep you busy during the day or evening. So adults and children alike can spend a dream week at one of the star-rated campsites on the Ile de R\u00e9: our campsite near Saint-Cl\u00e9ment-des-Baleines. And you don&#8217;t even have to leave the campsite, because everything&#8217;s on site: groceries, swimming pool, activities and entertainment. Like our program? Don&#8217;t forget to book your stay at our 4-star campsite on the Ile de R\u00e9 in advance!    <\/p><\/div><\/div>","protected":false},"excerpt":{"rendered":"<p>Campsite near Saint-Cl\u00e9ment-des-Baleines Do you know Charente-Maritime? This department of the Nouvelle-Aquitaine region is home to many wonders, including sandy beaches, islands close to the coast and exceptional monuments. It&#8217;s a must-see vacation destination for families, friends and couples in love! Treat yourself to a dream holiday in a campsite on the Ile de R\u00e9 [&hellip;]<\/p>\n","protected":false},"author":1,"featured_media":0,"parent":0,"menu_order":0,"comment_status":"open","ping_status":"open","template":"","meta":{"_acf_changed":false,"footnotes":""},"acf":[],"_links":{"self":[{"href":"https:\/\/www.les-varennes.com\/en\/wp-json\/wp\/v2\/pages\/1974"}],"collection":[{"href":"https:\/\/www.les-varennes.com\/en\/wp-json\/wp\/v2\/pages"}],"about":[{"href":"https:\/\/www.les-varennes.com\/en\/wp-json\/wp\/v2\/types\/page"}],"author":[{"embeddable":true,"href":"https:\/\/www.les-varennes.com\/en\/wp-json\/wp\/v2\/users\/1"}],"replies":[{"embeddable":true,"href":"https:\/\/www.les-varennes.com\/en\/wp-json\/wp\/v2\/comments?post=1974"}],"version-history":[{"count":1,"href":"https:\/\/www.les-varennes.com\/en\/wp-json\/wp\/v2\/pages\/1974\/revisions"}],"predecessor-version":[{"id":1977,"href":"https:\/\/www.les-varennes.com\/en\/wp-json\/wp\/v2\/pages\/1974\/revisions\/1977"}],"wp:attachment":[{"href":"https:\/\/www.les-varennes.com\/en\/wp-json\/wp\/v2\/media?parent=1974"}],"curies":[{"name":"wp","href":"https:\/\/api.w.org\/{rel}","templated":true}]}}