{"id":2078,"date":"2025-05-16T09:54:50","date_gmt":"2025-05-16T07:54:50","guid":{"rendered":"https:\/\/www.les-varennes.com\/camping-les-portes-en-re\/"},"modified":"2025-08-06T16:08:32","modified_gmt":"2025-08-06T14:08:32","slug":"camping-les-portes-en-re","status":"publish","type":"page","link":"https:\/\/www.les-varennes.com\/en\/camping-les-portes-en-re\/","title":{"rendered":"Camping Les portes en r\u00e9"},"content":{"rendered":"<div class=\"diaporama-header align-full\"><div class=\"gallery\"><figure class=\"gallery__item\"><picture><source srcset=\"https:\/\/www.les-varennes.com\/wp-content\/uploads\/2025\/05\/AdobeStock_85447891-1-420x277.webp\" media=\"(max-width: 210px)\"><source srcset=\"https:\/\/www.les-varennes.com\/wp-content\/uploads\/2025\/05\/AdobeStock_85447891-1-850x560.webp\" media=\"(max-width: 420px)\"><source srcset=\"https:\/\/www.les-varennes.com\/wp-content\/uploads\/2025\/05\/AdobeStock_85447891-1-768x506.webp\" media=\"(max-width: 850px)\"><source srcset=\"https:\/\/www.les-varennes.com\/wp-content\/uploads\/2025\/05\/AdobeStock_85447891-1-1024x675.webp\" media=\"(max-width: 1024px)\"><source srcset=\"https:\/\/www.les-varennes.com\/wp-content\/uploads\/2025\/05\/AdobeStock_85447891-1.webp\" media=\"(min-width: 1025px)\"><img loading=\"lazy\" decoding=\"async\" src=\"https:\/\/www.les-varennes.com\/wp-content\/uploads\/2025\/05\/AdobeStock_85447891-1-420x277.webp\" width=\"420\" height=\"210\"><\/picture><\/figure><\/div><div class=\"diaporama-header__inner\"><\/div><\/div><h1 class=\"h2\" style=\"text-align: center;color: var(--marron);\">Campsite near <span class=\"fc-span\">Les Portes-en-R\u00e9<\/span><\/h1><p  style=\"text-align: center;\"  >Charente-Maritime, with its coastline, islands like \u00cele de R\u00e9 and \u00cele d&#8217;Ol\u00e9ron and charming historic towns like La Rochelle, is an ideal vacation destination for fun with family and friends. The department offers a wide range of activities for adults and children alike: sandy beaches for sun worshippers and sand dodgers, picturesque harbors for strollers, delicious oysters for gourmets and a rich heritage for history buffs. For a memorable stay in this exceptional location in western France, our campsite near Les Portes-en-R\u00e9 welcomes you to its Michelin-starred establishment! Every night spent on our estate on the Ile de R\u00e9 will help you recharge your batteries and enjoy the activities on the campsite or in the surrounding area. Book your low-cost rental today at our campsite near Les Portes-en-R\u00e9, just 300 meters from the beach.    <\/p><div class=\"columns\" style=\"align-items:center;\"><div class=\"columns__item texte fade-left\" style=\"align-self:center;\"><h2 class=\"h3\" style=\"color: var(--orange-clair);\">Activities around <span class=\"fc-span\">Les Portes en R\u00e9<\/span><\/h2><p    >Opting for a rental at our campsite near Les Portes-en-R\u00e9 means taking advantage of an ideal geographical location in this authentic village, close to some of Charente-Maritime&#8217;s must-see destinations.<\/p><p    >Start your exploration of the Ile de R\u00e9 by discovering the village located just a few minutes from our estate, one of the most beautiful campsites in Charente-Maritime. Here you&#8217;ll find the Catholic church of Sainte-Eutrope and the old station that used to be home to the little train of the Ile de R\u00e9. Continue your journey near our campsite near Les Portes-en-R\u00e9 to visit the Maison du Fier and its Lilleau des Niges Nature Reserve in the heart of the salt marshes. Finally, take time out to visit the Vieux-Port to admire the boats and enjoy the village&#8217;s emblematic beaches, such as Trousse-Chemise and Patache.   <\/p><div class=\"lireplus fc-desk\"><p    >Read more<\/p><div class=\"group\"><p    >Staying at our campsite near Les Portes-en-R\u00e9 means discovering the local area, but also exploring the surrounding countryside! During your week&#8217;s vacation in a comfortable rental, take a tour of the Ile de R\u00e9 and discover the wonders of Saint-Cl\u00e9ment-des-Baleines and its lighthouse, Ars-en-R\u00e9 and its bell tower, and Saint-Martin-de-R\u00e9 and its museum. Nearby, a boat will take you to the island of Ol\u00e9ron or to coastal towns such as La Rochelle.  <\/p><\/div><\/div><\/div><\/div><div class=\"columns reverse-mob\" style=\"align-items:center;\"><div class=\"columns__item texte fade-right\" style=\"align-self:center;\"><h2 class=\"h3\" style=\"color: var(--bleu-fonce);\">Swimming in <span class=\"fc-span\">our water park<\/span><\/h2><p    >To spend a fun-filled vacation with children or friends, it&#8217;s certainly necessary to select a destination with plenty of activities, but it&#8217;s also important to book a stay at a campsite near Les Portes-en-R\u00e9 with facilities. Our campsite offers you this lively week&#8217;s vacation in Charente-Maritime. Take advantage of our aquatic area and swimming pools. The indoor pool welcomes holidaymakers for an exceptional swim in its heated water.     <\/p><p    >The outdoor swimming pool lets everyone enjoy the Charente-Maritime sunshine during their stay at our campsite around Les Portes-en-R\u00e9. What&#8217;s more, a paddling pool is available so that the little ones can get used to the water at their leisure! And if you&#8217;re dreaming of a moment of relaxation during this week in the west of France? Our campsite near Les Portes-en-R\u00e9 also offers a jacuzzi. Does this program appeal to you? Choose a rental in one of the best campsites in the department, located in the heart of nature and just a few minutes&#8217; walk from the beach!     <\/p><\/div><\/div><div class=\"columns\" style=\"align-items:center;\"><div class=\"columns__item texte fade-left\" style=\"align-self:center;\"><h2 class=\"h3\" style=\"color: var(--vert);\">Rent a mobile home near <span class=\"fc-span\">Les Portes en R\u00e9<\/span><\/h2><p    >Are you looking for a comfortable, affordable rental at one of the campsites on the Ile de R\u00e9? Discover Domaine des Varennes, a campsite near Les Portes-en-R\u00e9. When you stay at our seaside establishment, find the ideal accommodation and come with your children, your other half or your friends in Charente-Maritime. We offer a wide range of mobile homes with different equipment, prices and sunshine.     <\/p><p    >Whichever rental you choose, you&#8217;ll enjoy a cosy sitting area, a fully equipped kitchen, separate bedrooms, bathroom and toilet. You&#8217;ll spend restful nights in these accommodations before setting off on an adventure to the beach 300 meters from our campsite near Les Portes-en-R\u00e9, or on a hiking\/biking trail. <\/p><\/div><\/div><div class=\"columns reverse-mob\" style=\"align-items:center;\"><div class=\"columns__item texte fade-right\" style=\"align-self:center;\"><h2 class=\"h3\" style=\"color: var(--orange-clair);\">Setting up your tent near <span class=\"fc-span\">Les Portes en R\u00e9<\/span><\/h2><p    >While our campsite near Les Portes-en-R\u00e9 offers mobile home rentals, you can also opt for traditional camping on a pitch. Pitches can be reserved for tents, motorhomes or caravans, depending on your equipment. 90 m\u00b2 are allotted for you to settle in as you should during your vacation at our campsite near Les Portes-en-R\u00e9.    <\/p><p    >You&#8217;ll love these nights under the stars! What&#8217;s more, even though the price is lower than that of a mobile home rental, you still have access to all our services, activities and entertainment! Head to the pool for an afternoon swim, or the jacuzzi for a moment of relaxation!  <\/p><\/div><\/div><div class=\"columns reverse-mob\" style=\"align-items:center;\"><div class=\"columns__item texte fade-right\" style=\"align-self:center;\"><h2 class=\"h3\" style=\"color: var(--bleu-fonce);\">4-star services around <span class=\"fc-span\">Les Portes en R\u00e9<\/span><\/h2><p    >For your stay in the west of France, our campsite near Les Portes-en-R\u00e9 not only offers you a cosy mobile home or a spacious pitch, as well as a swimming pool suitable for all ages, we also offer you a host of star services! A grocery store is available on site, so you can buy the essentials without having to leave the estate. For sports enthusiasts who want to keep up their routine, a fitness room is open to all holidaymakers.    <\/p><p    >For those wishing to explore the Ile de R\u00e9 without polluting, bike hire is available. Last but not least, our entertainers are ready to welcome you and offer a wide range of activities, day and night! Ready to have the time of your life at one of our campsites on the Ile de R\u00e9? Book your accommodation at our campsite near Les Portes-en-R\u00e9 now!   <\/p><\/div><\/div>","protected":false},"excerpt":{"rendered":"<p>Campsite near Les Portes-en-R\u00e9 Charente-Maritime, with its coastline, islands like \u00cele de R\u00e9 and \u00cele d&#8217;Ol\u00e9ron and charming historic towns like La Rochelle, is an ideal vacation destination for fun with family and friends. The department offers a wide range of activities for adults and children alike: sandy beaches for sun worshippers and sand dodgers, [&hellip;]<\/p>\n","protected":false},"author":1,"featured_media":0,"parent":0,"menu_order":0,"comment_status":"open","ping_status":"open","template":"","meta":{"_acf_changed":false,"footnotes":""},"acf":[],"_links":{"self":[{"href":"https:\/\/www.les-varennes.com\/en\/wp-json\/wp\/v2\/pages\/2078"}],"collection":[{"href":"https:\/\/www.les-varennes.com\/en\/wp-json\/wp\/v2\/pages"}],"about":[{"href":"https:\/\/www.les-varennes.com\/en\/wp-json\/wp\/v2\/types\/page"}],"author":[{"embeddable":true,"href":"https:\/\/www.les-varennes.com\/en\/wp-json\/wp\/v2\/users\/1"}],"replies":[{"embeddable":true,"href":"https:\/\/www.les-varennes.com\/en\/wp-json\/wp\/v2\/comments?post=2078"}],"version-history":[{"count":1,"href":"https:\/\/www.les-varennes.com\/en\/wp-json\/wp\/v2\/pages\/2078\/revisions"}],"predecessor-version":[{"id":2079,"href":"https:\/\/www.les-varennes.com\/en\/wp-json\/wp\/v2\/pages\/2078\/revisions\/2079"}],"wp:attachment":[{"href":"https:\/\/www.les-varennes.com\/en\/wp-json\/wp\/v2\/media?parent=2078"}],"curies":[{"name":"wp","href":"https:\/\/api.w.org\/{rel}","templated":true}]}}